{"id":7468,"date":"2022-07-22T09:51:18","date_gmt":"2022-07-22T09:51:18","guid":{"rendered":"https:\/\/bimarc.pt\/?page_id=7468"},"modified":"2024-05-06T15:05:04","modified_gmt":"2024-05-06T15:05:04","slug":"faq-2","status":"publish","type":"page","link":"https:\/\/bimarc.pt\/index.php\/faq-2\/","title":{"rendered":"FAQ"},"content":{"rendered":"\t\t<div data-elementor-type=\"wp-page\" data-elementor-id=\"7468\" class=\"elementor elementor-7468\" data-elementor-post-type=\"page\">\n\t\t\t\t\t\t<section class=\"elementor-section elementor-top-section elementor-element elementor-element-3124d68 elementor-section-boxed elementor-section-height-default elementor-section-height-default\" data-id=\"3124d68\" data-element_type=\"section\">\n\t\t\t\t\t\t<div class=\"elementor-container elementor-column-gap-wider\">\n\t\t\t\t\t<div class=\"elementor-column elementor-col-100 elementor-top-column elementor-element elementor-element-df99ffe\" data-id=\"df99ffe\" data-element_type=\"column\">\n\t\t\t<div class=\"elementor-widget-wrap elementor-element-populated\">\n\t\t\t\t\t\t<div class=\"elementor-element elementor-element-2de3d12 elementor-widget elementor-widget-image\" data-id=\"2de3d12\" data-element_type=\"widget\" data-widget_type=\"image.default\">\n\t\t\t\t<div class=\"elementor-widget-container\">\n\t\t\t\t\t\t\t\t\t\t\t\t\t<img decoding=\"async\" src=\"https:\/\/bimarc.pt\/wp-content\/uploads\/elementor\/thumbs\/FAQ-ps4vpt26efdjyjue4h3p07s9nf41ekr7cgoyfvjk34.png\" title=\"FAQ\" alt=\"FAQ\" loading=\"lazy\" \/>\t\t\t\t\t\t\t\t\t\t\t\t\t<\/div>\n\t\t\t\t<\/div>\n\t\t\t\t<div class=\"elementor-element elementor-element-e63b760 elementor-widget elementor-widget-spacer\" data-id=\"e63b760\" data-element_type=\"widget\" data-widget_type=\"spacer.default\">\n\t\t\t\t<div class=\"elementor-widget-container\">\n\t\t\t\t\t<div class=\"elementor-spacer\">\n\t\t\t<div class=\"elementor-spacer-inner\"><\/div>\n\t\t<\/div>\n\t\t\t\t<\/div>\n\t\t\t\t<\/div>\n\t\t\t\t<div class=\"elementor-element elementor-element-3590f2c elementor-widget elementor-widget-heading\" data-id=\"3590f2c\" data-element_type=\"widget\" data-widget_type=\"heading.default\">\n\t\t\t\t<div class=\"elementor-widget-container\">\n\t\t\t<h4 class=\"elementor-heading-title elementor-size-default\">FAQ<\/h4>\t\t<\/div>\n\t\t\t\t<\/div>\n\t\t\t\t<div class=\"elementor-element elementor-element-b8c4f2e elementor-widget-divider--view-line elementor-widget elementor-widget-divider\" data-id=\"b8c4f2e\" data-element_type=\"widget\" data-widget_type=\"divider.default\">\n\t\t\t\t<div class=\"elementor-widget-container\">\n\t\t\t\t\t<div class=\"elementor-divider\">\n\t\t\t<span class=\"elementor-divider-separator\">\n\t\t\t\t\t\t<\/span>\n\t\t<\/div>\n\t\t\t\t<\/div>\n\t\t\t\t<\/div>\n\t\t\t\t<div class=\"elementor-element elementor-element-61030b0 elementor-widget elementor-widget-text-editor\" data-id=\"61030b0\" data-element_type=\"widget\" data-widget_type=\"text-editor.default\">\n\t\t\t\t<div class=\"elementor-widget-container\">\n\t\t\t\t\t\t\t<p style=\"text-align: left;\">Conhe\u00e7a aqui as perguntas mais frequentes sobre os nossos produtos.<\/p>\t\t\t\t\t\t<\/div>\n\t\t\t\t<\/div>\n\t\t\t\t<div class=\"elementor-element elementor-element-b5e1144 elementor-widget elementor-widget-spacer\" data-id=\"b5e1144\" data-element_type=\"widget\" data-widget_type=\"spacer.default\">\n\t\t\t\t<div class=\"elementor-widget-container\">\n\t\t\t\t\t<div class=\"elementor-spacer\">\n\t\t\t<div class=\"elementor-spacer-inner\"><\/div>\n\t\t<\/div>\n\t\t\t\t<\/div>\n\t\t\t\t<\/div>\n\t\t\t\t<div class=\"elementor-element elementor-element-45ebaba elementor-widget elementor-widget-accordion\" data-id=\"45ebaba\" data-element_type=\"widget\" data-widget_type=\"accordion.default\">\n\t\t\t\t<div class=\"elementor-widget-container\">\n\t\t\t\t\t<div class=\"elementor-accordion\">\n\t\t\t\t\t\t\t<div class=\"elementor-accordion-item\">\n\t\t\t\t\t<div id=\"elementor-tab-title-7331\" class=\"elementor-tab-title\" data-tab=\"1\" role=\"button\" aria-controls=\"elementor-tab-content-7331\" aria-expanded=\"false\">\n\t\t\t\t\t\t\t\t\t\t\t\t\t<span class=\"elementor-accordion-icon elementor-accordion-icon-left\" aria-hidden=\"true\">\n\t\t\t\t\t\t\t\t\t\t\t\t\t\t\t<span class=\"elementor-accordion-icon-closed\"><i class=\"fas fa-chevron-down\"><\/i><\/span>\n\t\t\t\t\t\t\t\t<span class=\"elementor-accordion-icon-opened\"><i class=\"fas fa-compress-alt\"><\/i><\/span>\n\t\t\t\t\t\t\t\t\t\t\t\t\t\t<\/span>\n\t\t\t\t\t\t\t\t\t\t\t\t<a class=\"elementor-accordion-title\" tabindex=\"0\">Posso comprar os vossos produtos online?<\/a>\n\t\t\t\t\t<\/div>\n\t\t\t\t\t<div id=\"elementor-tab-content-7331\" class=\"elementor-tab-content elementor-clearfix\" data-tab=\"1\" role=\"region\" aria-labelledby=\"elementor-tab-title-7331\"><p>Estamos a trabalhar na nossa loja online e em breve poder\u00e1 adquirir os nossos produtos online. No entanto, se pretender poder\u00e1 entrar em contacto com a nossa equipa <a href=\"https:\/\/bimarc.pt\/index.php\/info\/contactos\/\">AQUI<\/a> e fazer a sua encomenda.<\/p><\/div>\n\t\t\t\t<\/div>\n\t\t\t\t\t\t\t<div class=\"elementor-accordion-item\">\n\t\t\t\t\t<div id=\"elementor-tab-title-7332\" class=\"elementor-tab-title\" data-tab=\"2\" role=\"button\" aria-controls=\"elementor-tab-content-7332\" aria-expanded=\"false\">\n\t\t\t\t\t\t\t\t\t\t\t\t\t<span class=\"elementor-accordion-icon elementor-accordion-icon-left\" aria-hidden=\"true\">\n\t\t\t\t\t\t\t\t\t\t\t\t\t\t\t<span class=\"elementor-accordion-icon-closed\"><i class=\"fas fa-chevron-down\"><\/i><\/span>\n\t\t\t\t\t\t\t\t<span class=\"elementor-accordion-icon-opened\"><i class=\"fas fa-compress-alt\"><\/i><\/span>\n\t\t\t\t\t\t\t\t\t\t\t\t\t\t<\/span>\n\t\t\t\t\t\t\t\t\t\t\t\t<a class=\"elementor-accordion-title\" tabindex=\"0\">\u00c9 poss\u00edvel obter produtos com personaliza\u00e7\u00e3o?<\/a>\n\t\t\t\t\t<\/div>\n\t\t\t\t\t<div id=\"elementor-tab-content-7332\" class=\"elementor-tab-content elementor-clearfix\" data-tab=\"2\" role=\"region\" aria-labelledby=\"elementor-tab-title-7332\"><p>Entre em contacto connosco de forma a podermos ajudar e mostrar-lhe as nossas sugest\u00f5es.<\/p><\/div>\n\t\t\t\t<\/div>\n\t\t\t\t\t\t\t<div class=\"elementor-accordion-item\">\n\t\t\t\t\t<div id=\"elementor-tab-title-7333\" class=\"elementor-tab-title\" data-tab=\"3\" role=\"button\" aria-controls=\"elementor-tab-content-7333\" aria-expanded=\"false\">\n\t\t\t\t\t\t\t\t\t\t\t\t\t<span class=\"elementor-accordion-icon elementor-accordion-icon-left\" aria-hidden=\"true\">\n\t\t\t\t\t\t\t\t\t\t\t\t\t\t\t<span class=\"elementor-accordion-icon-closed\"><i class=\"fas fa-chevron-down\"><\/i><\/span>\n\t\t\t\t\t\t\t\t<span class=\"elementor-accordion-icon-opened\"><i class=\"fas fa-compress-alt\"><\/i><\/span>\n\t\t\t\t\t\t\t\t\t\t\t\t\t\t<\/span>\n\t\t\t\t\t\t\t\t\t\t\t\t<a class=\"elementor-accordion-title\" tabindex=\"0\">Quais os tipos de velas que vendem? E quais os cuidados?<\/a>\n\t\t\t\t\t<\/div>\n\t\t\t\t\t<div id=\"elementor-tab-content-7333\" class=\"elementor-tab-content elementor-clearfix\" data-tab=\"3\" role=\"region\" aria-labelledby=\"elementor-tab-title-7333\"><p>Vendemos diversos tipos de velas:<br \/>&#8211; Velas Moldadas;<br \/>&#8211; Velas Copo Perfumadas;<br \/>&#8211; Velas Decoradas \u00e0 m\u00e3o;<br \/>&#8211; Velas Cerim\u00f3nia (Batizado\/Anivers\u00e1rio);<br \/>&#8211; Citronelas;<br \/>&#8211; Flutuantes;<br \/>&#8211; Velas de Consumo (Autom\u00e1ticas e C\u00f3nicas);<br \/>Al\u00e9m dos cuidados gerais, deve :<br \/>&#8211; Manter a vela em um lugar pouco ventilado e longe da luz direta.<br \/>&#8211; Na primeira utiliza\u00e7\u00e3o de velas com recipiente, deixe a vela acesa por pelo menos 2 horas, para que crie &#8220;Melt Pool&#8221;.<br \/>&#8211; Quando a vela com recipiente estiver apagada, deve fech\u00e1-la, para a proteger de p\u00f3 que pode causar problemas durante a queima.<br \/>&#8211; Nunca sopre para apagar a vela, pode usar a tampa do recipiente ou um apagador de vela.<\/p><\/div>\n\t\t\t\t<\/div>\n\t\t\t\t\t\t\t<div class=\"elementor-accordion-item\">\n\t\t\t\t\t<div id=\"elementor-tab-title-7334\" class=\"elementor-tab-title\" data-tab=\"4\" role=\"button\" aria-controls=\"elementor-tab-content-7334\" aria-expanded=\"false\">\n\t\t\t\t\t\t\t\t\t\t\t\t\t<span class=\"elementor-accordion-icon elementor-accordion-icon-left\" aria-hidden=\"true\">\n\t\t\t\t\t\t\t\t\t\t\t\t\t\t\t<span class=\"elementor-accordion-icon-closed\"><i class=\"fas fa-chevron-down\"><\/i><\/span>\n\t\t\t\t\t\t\t\t<span class=\"elementor-accordion-icon-opened\"><i class=\"fas fa-compress-alt\"><\/i><\/span>\n\t\t\t\t\t\t\t\t\t\t\t\t\t\t<\/span>\n\t\t\t\t\t\t\t\t\t\t\t\t<a class=\"elementor-accordion-title\" tabindex=\"0\">Os copos das velas s\u00e3o seguros?<\/a>\n\t\t\t\t\t<\/div>\n\t\t\t\t\t<div id=\"elementor-tab-content-7334\" class=\"elementor-tab-content elementor-clearfix\" data-tab=\"4\" role=\"region\" aria-labelledby=\"elementor-tab-title-7334\"><p>Sim, todos as nossas velas passam por diversos testes de forma a garantir que t\u00eam total seguran\u00e7a.<\/p><\/div>\n\t\t\t\t<\/div>\n\t\t\t\t\t\t\t<div class=\"elementor-accordion-item\">\n\t\t\t\t\t<div id=\"elementor-tab-title-7335\" class=\"elementor-tab-title\" data-tab=\"5\" role=\"button\" aria-controls=\"elementor-tab-content-7335\" aria-expanded=\"false\">\n\t\t\t\t\t\t\t\t\t\t\t\t\t<span class=\"elementor-accordion-icon elementor-accordion-icon-left\" aria-hidden=\"true\">\n\t\t\t\t\t\t\t\t\t\t\t\t\t\t\t<span class=\"elementor-accordion-icon-closed\"><i class=\"fas fa-chevron-down\"><\/i><\/span>\n\t\t\t\t\t\t\t\t<span class=\"elementor-accordion-icon-opened\"><i class=\"fas fa-compress-alt\"><\/i><\/span>\n\t\t\t\t\t\t\t\t\t\t\t\t\t\t<\/span>\n\t\t\t\t\t\t\t\t\t\t\t\t<a class=\"elementor-accordion-title\" tabindex=\"0\">Posso reutilizar os copos da vela?<\/a>\n\t\t\t\t\t<\/div>\n\t\t\t\t\t<div id=\"elementor-tab-content-7335\" class=\"elementor-tab-content elementor-clearfix\" data-tab=\"5\" role=\"region\" aria-labelledby=\"elementor-tab-title-7335\"><p>Sim, no entanto, quando a sua vela terminar dever\u00e1 lavar bem o copo e n\u00e3o utilizar para fins de consumo alimentar.<\/p><\/div>\n\t\t\t\t<\/div>\n\t\t\t\t\t\t\t<div class=\"elementor-accordion-item\">\n\t\t\t\t\t<div id=\"elementor-tab-title-7336\" class=\"elementor-tab-title\" data-tab=\"6\" role=\"button\" aria-controls=\"elementor-tab-content-7336\" aria-expanded=\"false\">\n\t\t\t\t\t\t\t\t\t\t\t\t\t<span class=\"elementor-accordion-icon elementor-accordion-icon-left\" aria-hidden=\"true\">\n\t\t\t\t\t\t\t\t\t\t\t\t\t\t\t<span class=\"elementor-accordion-icon-closed\"><i class=\"fas fa-chevron-down\"><\/i><\/span>\n\t\t\t\t\t\t\t\t<span class=\"elementor-accordion-icon-opened\"><i class=\"fas fa-compress-alt\"><\/i><\/span>\n\t\t\t\t\t\t\t\t\t\t\t\t\t\t<\/span>\n\t\t\t\t\t\t\t\t\t\t\t\t<a class=\"elementor-accordion-title\" tabindex=\"0\">Apenas vendem velas?<\/a>\n\t\t\t\t\t<\/div>\n\t\t\t\t\t<div id=\"elementor-tab-content-7336\" class=\"elementor-tab-content elementor-clearfix\" data-tab=\"6\" role=\"region\" aria-labelledby=\"elementor-tab-title-7336\"><p>N\u00e3o, temos ao seu dispor uma oferta de produtos como difusores, vidros e acess\u00f3rios de decora\u00e7\u00e3o.<\/p><\/div>\n\t\t\t\t<\/div>\n\t\t\t\t\t\t\t\t\t\t<script type=\"application\/ld+json\">{\"@context\":\"https:\\\/\\\/schema.org\",\"@type\":\"FAQPage\",\"mainEntity\":[{\"@type\":\"Question\",\"name\":\"Posso comprar os vossos produtos online?\",\"acceptedAnswer\":{\"@type\":\"Answer\",\"text\":\"<p>Estamos a trabalhar na nossa loja online e em breve poder\\u00e1 adquirir os nossos produtos online. No entanto, se pretender poder\\u00e1 entrar em contacto com a nossa equipa <a href=\\\"https:\\\/\\\/bimarc.pt\\\/index.php\\\/info\\\/contactos\\\/\\\">AQUI<\\\/a> e fazer a sua encomenda.<\\\/p>\"}},{\"@type\":\"Question\",\"name\":\"\\u00c9 poss\\u00edvel obter produtos com personaliza\\u00e7\\u00e3o?\",\"acceptedAnswer\":{\"@type\":\"Answer\",\"text\":\"<p>Entre em contacto connosco de forma a podermos ajudar e mostrar-lhe as nossas sugest\\u00f5es.<\\\/p>\"}},{\"@type\":\"Question\",\"name\":\"Quais os tipos de velas que vendem? E quais os cuidados?\",\"acceptedAnswer\":{\"@type\":\"Answer\",\"text\":\"<p>Vendemos diversos tipos de velas:<br \\\/>&#8211; Velas Moldadas;<br \\\/>&#8211; Velas Copo Perfumadas;<br \\\/>&#8211; Velas Decoradas \\u00e0 m\\u00e3o;<br \\\/>&#8211; Velas Cerim\\u00f3nia (Batizado\\\/Anivers\\u00e1rio);<br \\\/>&#8211; Citronelas;<br \\\/>&#8211; Flutuantes;<br \\\/>&#8211; Velas de Consumo (Autom\\u00e1ticas e C\\u00f3nicas);<br \\\/>Al\\u00e9m dos cuidados gerais, deve :<br \\\/>&#8211; Manter a vela em um lugar pouco ventilado e longe da luz direta.<br \\\/>&#8211; Na primeira utiliza\\u00e7\\u00e3o de velas com recipiente, deixe a vela acesa por pelo menos 2 horas, para que crie &#8220;Melt Pool&#8221;.<br \\\/>&#8211; Quando a vela com recipiente estiver apagada, deve fech\\u00e1-la, para a proteger de p\\u00f3 que pode causar problemas durante a queima.<br \\\/>&#8211; Nunca sopre para apagar a vela, pode usar a tampa do recipiente ou um apagador de vela.<\\\/p>\"}},{\"@type\":\"Question\",\"name\":\"Os copos das velas s\\u00e3o seguros?\",\"acceptedAnswer\":{\"@type\":\"Answer\",\"text\":\"<p>Sim, todos as nossas velas passam por diversos testes de forma a garantir que t\\u00eam total seguran\\u00e7a.<\\\/p>\"}},{\"@type\":\"Question\",\"name\":\"Posso reutilizar os copos da vela?\",\"acceptedAnswer\":{\"@type\":\"Answer\",\"text\":\"<p>Sim, no entanto, quando a sua vela terminar dever\\u00e1 lavar bem o copo e n\\u00e3o utilizar para fins de consumo alimentar.<\\\/p>\"}},{\"@type\":\"Question\",\"name\":\"Apenas vendem velas?\",\"acceptedAnswer\":{\"@type\":\"Answer\",\"text\":\"<p>N\\u00e3o, temos ao seu dispor uma oferta de produtos como difusores, vidros e acess\\u00f3rios de decora\\u00e7\\u00e3o.<\\\/p>\"}}]}<\/script>\n\t\t\t\t\t<\/div>\n\t\t\t\t<\/div>\n\t\t\t\t<\/div>\n\t\t\t\t<div class=\"elementor-element elementor-element-7945834 elementor-widget elementor-widget-text-editor\" data-id=\"7945834\" data-element_type=\"widget\" data-widget_type=\"text-editor.default\">\n\t\t\t\t<div class=\"elementor-widget-container\">\n\t\t\t\t\t\t\t<p style=\"text-align: left;\">Se pretender tamb\u00e9m pode deixar a sua quest\u00e3o <a href=\"https:\/\/bimarc.pt\/index.php\/info\/contactos\/\">AQUI<\/a>\u00a0<\/p>\t\t\t\t\t\t<\/div>\n\t\t\t\t<\/div>\n\t\t\t\t\t<\/div>\n\t\t<\/div>\n\t\t\t\t\t<\/div>\n\t\t<\/section>\n\t\t\t\t<\/div>\n\t\t","protected":false},"excerpt":{"rendered":"<p>FAQ Conhe\u00e7a aqui as perguntas mais frequentes sobre os nossos produtos. Posso comprar os vossos produtos online? Estamos a trabalhar na nossa loja online e em breve poder\u00e1 adquirir os nossos produtos online. No entanto, se pretender poder\u00e1 entrar em contacto com a nossa equipa AQUI e fazer a sua encomenda. \u00c9 poss\u00edvel obter produtos&hellip;<\/p>\n","protected":false},"author":1,"featured_media":0,"parent":0,"menu_order":0,"comment_status":"closed","ping_status":"closed","template":"","meta":{"footnotes":""},"yoast_head":"<!-- This site is optimized with the Yoast SEO plugin v22.7 - https:\/\/yoast.com\/wordpress\/plugins\/seo\/ -->\n<title>FAQ - Bimarc<\/title>\n<meta name=\"robots\" content=\"index, follow, max-snippet:-1, max-image-preview:large, max-video-preview:-1\" \/>\n<link rel=\"canonical\" href=\"https:\/\/bimarc.pt\/index.php\/faq-2\/\" \/>\n<meta property=\"og:locale\" content=\"pt_PT\" \/>\n<meta property=\"og:type\" content=\"article\" \/>\n<meta property=\"og:title\" content=\"FAQ - Bimarc\" \/>\n<meta property=\"og:description\" content=\"FAQ Conhe\u00e7a aqui as perguntas mais frequentes sobre os nossos produtos. Posso comprar os vossos produtos online? Estamos a trabalhar na nossa loja online e em breve poder\u00e1 adquirir os nossos produtos online. No entanto, se pretender poder\u00e1 entrar em contacto com a nossa equipa AQUI e fazer a sua encomenda. \u00c9 poss\u00edvel obter produtos&hellip;\" \/>\n<meta property=\"og:url\" content=\"https:\/\/bimarc.pt\/index.php\/faq-2\/\" \/>\n<meta property=\"og:site_name\" content=\"Bimarc\" \/>\n<meta property=\"article:modified_time\" content=\"2024-05-06T15:05:04+00:00\" \/>\n<meta property=\"og:image\" content=\"https:\/\/bimarc.pt\/wp-content\/uploads\/elementor\/thumbs\/FAQ-ps4vpt26efdjyjue4h3p07s9nf41ekr7cgoyfvjk34.png\" \/>\n<meta name=\"twitter:card\" content=\"summary_large_image\" \/>\n<meta name=\"twitter:label1\" content=\"Tempo estimado de leitura\" \/>\n\t<meta name=\"twitter:data1\" content=\"2 minutos\" \/>\n<script type=\"application\/ld+json\" class=\"yoast-schema-graph\">{\"@context\":\"https:\/\/schema.org\",\"@graph\":[{\"@type\":\"WebPage\",\"@id\":\"https:\/\/bimarc.pt\/index.php\/faq-2\/\",\"url\":\"https:\/\/bimarc.pt\/index.php\/faq-2\/\",\"name\":\"FAQ - Bimarc\",\"isPartOf\":{\"@id\":\"https:\/\/bimarc.pt\/#website\"},\"primaryImageOfPage\":{\"@id\":\"https:\/\/bimarc.pt\/index.php\/faq-2\/#primaryimage\"},\"image\":{\"@id\":\"https:\/\/bimarc.pt\/index.php\/faq-2\/#primaryimage\"},\"thumbnailUrl\":\"https:\/\/bimarc.pt\/wp-content\/uploads\/elementor\/thumbs\/FAQ-ps4vpt26efdjyjue4h3p07s9nf41ekr7cgoyfvjk34.png\",\"datePublished\":\"2022-07-22T09:51:18+00:00\",\"dateModified\":\"2024-05-06T15:05:04+00:00\",\"breadcrumb\":{\"@id\":\"https:\/\/bimarc.pt\/index.php\/faq-2\/#breadcrumb\"},\"inLanguage\":\"pt-PT\",\"potentialAction\":[{\"@type\":\"ReadAction\",\"target\":[\"https:\/\/bimarc.pt\/index.php\/faq-2\/\"]}]},{\"@type\":\"ImageObject\",\"inLanguage\":\"pt-PT\",\"@id\":\"https:\/\/bimarc.pt\/index.php\/faq-2\/#primaryimage\",\"url\":\"https:\/\/bimarc.pt\/wp-content\/uploads\/elementor\/thumbs\/FAQ-ps4vpt26efdjyjue4h3p07s9nf41ekr7cgoyfvjk34.png\",\"contentUrl\":\"https:\/\/bimarc.pt\/wp-content\/uploads\/elementor\/thumbs\/FAQ-ps4vpt26efdjyjue4h3p07s9nf41ekr7cgoyfvjk34.png\"},{\"@type\":\"BreadcrumbList\",\"@id\":\"https:\/\/bimarc.pt\/index.php\/faq-2\/#breadcrumb\",\"itemListElement\":[{\"@type\":\"ListItem\",\"position\":1,\"name\":\"In\u00edcio\",\"item\":\"https:\/\/bimarc.pt\/\"},{\"@type\":\"ListItem\",\"position\":2,\"name\":\"FAQ\"}]},{\"@type\":\"WebSite\",\"@id\":\"https:\/\/bimarc.pt\/#website\",\"url\":\"https:\/\/bimarc.pt\/\",\"name\":\"Bimarc\",\"description\":\"DETERMINA\u00c7\u00c3O, CRIATIVIDADE E INOVA\u00c7\u00c3O\",\"publisher\":{\"@id\":\"https:\/\/bimarc.pt\/#organization\"},\"potentialAction\":[{\"@type\":\"SearchAction\",\"target\":{\"@type\":\"EntryPoint\",\"urlTemplate\":\"https:\/\/bimarc.pt\/?s={search_term_string}\"},\"query-input\":\"required name=search_term_string\"}],\"inLanguage\":\"pt-PT\"},{\"@type\":\"Organization\",\"@id\":\"https:\/\/bimarc.pt\/#organization\",\"name\":\"Bimarc\",\"url\":\"https:\/\/bimarc.pt\/\",\"logo\":{\"@type\":\"ImageObject\",\"inLanguage\":\"pt-PT\",\"@id\":\"https:\/\/bimarc.pt\/#\/schema\/logo\/image\/\",\"url\":\"https:\/\/bimarc.pt\/wp-content\/uploads\/2022\/03\/LOGO-BIMARC_CORES-e1648551113682.png\",\"contentUrl\":\"https:\/\/bimarc.pt\/wp-content\/uploads\/2022\/03\/LOGO-BIMARC_CORES-e1648551113682.png\",\"width\":351,\"height\":242,\"caption\":\"Bimarc\"},\"image\":{\"@id\":\"https:\/\/bimarc.pt\/#\/schema\/logo\/image\/\"}}]}<\/script>\n<!-- \/ Yoast SEO plugin. -->","yoast_head_json":{"title":"FAQ - Bimarc","robots":{"index":"index","follow":"follow","max-snippet":"max-snippet:-1","max-image-preview":"max-image-preview:large","max-video-preview":"max-video-preview:-1"},"canonical":"https:\/\/bimarc.pt\/index.php\/faq-2\/","og_locale":"pt_PT","og_type":"article","og_title":"FAQ - Bimarc","og_description":"FAQ Conhe\u00e7a aqui as perguntas mais frequentes sobre os nossos produtos. Posso comprar os vossos produtos online? Estamos a trabalhar na nossa loja online e em breve poder\u00e1 adquirir os nossos produtos online. No entanto, se pretender poder\u00e1 entrar em contacto com a nossa equipa AQUI e fazer a sua encomenda. \u00c9 poss\u00edvel obter produtos&hellip;","og_url":"https:\/\/bimarc.pt\/index.php\/faq-2\/","og_site_name":"Bimarc","article_modified_time":"2024-05-06T15:05:04+00:00","og_image":[{"url":"https:\/\/bimarc.pt\/wp-content\/uploads\/elementor\/thumbs\/FAQ-ps4vpt26efdjyjue4h3p07s9nf41ekr7cgoyfvjk34.png"}],"twitter_card":"summary_large_image","twitter_misc":{"Tempo estimado de leitura":"2 minutos"},"schema":{"@context":"https:\/\/schema.org","@graph":[{"@type":"WebPage","@id":"https:\/\/bimarc.pt\/index.php\/faq-2\/","url":"https:\/\/bimarc.pt\/index.php\/faq-2\/","name":"FAQ - Bimarc","isPartOf":{"@id":"https:\/\/bimarc.pt\/#website"},"primaryImageOfPage":{"@id":"https:\/\/bimarc.pt\/index.php\/faq-2\/#primaryimage"},"image":{"@id":"https:\/\/bimarc.pt\/index.php\/faq-2\/#primaryimage"},"thumbnailUrl":"https:\/\/bimarc.pt\/wp-content\/uploads\/elementor\/thumbs\/FAQ-ps4vpt26efdjyjue4h3p07s9nf41ekr7cgoyfvjk34.png","datePublished":"2022-07-22T09:51:18+00:00","dateModified":"2024-05-06T15:05:04+00:00","breadcrumb":{"@id":"https:\/\/bimarc.pt\/index.php\/faq-2\/#breadcrumb"},"inLanguage":"pt-PT","potentialAction":[{"@type":"ReadAction","target":["https:\/\/bimarc.pt\/index.php\/faq-2\/"]}]},{"@type":"ImageObject","inLanguage":"pt-PT","@id":"https:\/\/bimarc.pt\/index.php\/faq-2\/#primaryimage","url":"https:\/\/bimarc.pt\/wp-content\/uploads\/elementor\/thumbs\/FAQ-ps4vpt26efdjyjue4h3p07s9nf41ekr7cgoyfvjk34.png","contentUrl":"https:\/\/bimarc.pt\/wp-content\/uploads\/elementor\/thumbs\/FAQ-ps4vpt26efdjyjue4h3p07s9nf41ekr7cgoyfvjk34.png"},{"@type":"BreadcrumbList","@id":"https:\/\/bimarc.pt\/index.php\/faq-2\/#breadcrumb","itemListElement":[{"@type":"ListItem","position":1,"name":"In\u00edcio","item":"https:\/\/bimarc.pt\/"},{"@type":"ListItem","position":2,"name":"FAQ"}]},{"@type":"WebSite","@id":"https:\/\/bimarc.pt\/#website","url":"https:\/\/bimarc.pt\/","name":"Bimarc","description":"DETERMINA\u00c7\u00c3O, CRIATIVIDADE E INOVA\u00c7\u00c3O","publisher":{"@id":"https:\/\/bimarc.pt\/#organization"},"potentialAction":[{"@type":"SearchAction","target":{"@type":"EntryPoint","urlTemplate":"https:\/\/bimarc.pt\/?s={search_term_string}"},"query-input":"required name=search_term_string"}],"inLanguage":"pt-PT"},{"@type":"Organization","@id":"https:\/\/bimarc.pt\/#organization","name":"Bimarc","url":"https:\/\/bimarc.pt\/","logo":{"@type":"ImageObject","inLanguage":"pt-PT","@id":"https:\/\/bimarc.pt\/#\/schema\/logo\/image\/","url":"https:\/\/bimarc.pt\/wp-content\/uploads\/2022\/03\/LOGO-BIMARC_CORES-e1648551113682.png","contentUrl":"https:\/\/bimarc.pt\/wp-content\/uploads\/2022\/03\/LOGO-BIMARC_CORES-e1648551113682.png","width":351,"height":242,"caption":"Bimarc"},"image":{"@id":"https:\/\/bimarc.pt\/#\/schema\/logo\/image\/"}}]}},"_links":{"self":[{"href":"https:\/\/bimarc.pt\/index.php\/wp-json\/wp\/v2\/pages\/7468"}],"collection":[{"href":"https:\/\/bimarc.pt\/index.php\/wp-json\/wp\/v2\/pages"}],"about":[{"href":"https:\/\/bimarc.pt\/index.php\/wp-json\/wp\/v2\/types\/page"}],"author":[{"embeddable":true,"href":"https:\/\/bimarc.pt\/index.php\/wp-json\/wp\/v2\/users\/1"}],"replies":[{"embeddable":true,"href":"https:\/\/bimarc.pt\/index.php\/wp-json\/wp\/v2\/comments?post=7468"}],"version-history":[{"count":58,"href":"https:\/\/bimarc.pt\/index.php\/wp-json\/wp\/v2\/pages\/7468\/revisions"}],"predecessor-version":[{"id":8963,"href":"https:\/\/bimarc.pt\/index.php\/wp-json\/wp\/v2\/pages\/7468\/revisions\/8963"}],"wp:attachment":[{"href":"https:\/\/bimarc.pt\/index.php\/wp-json\/wp\/v2\/media?parent=7468"}],"curies":[{"name":"wp","href":"https:\/\/api.w.org\/{rel}","templated":true}]}}