{"id":347,"date":"2019-12-12T09:25:07","date_gmt":"2019-12-12T09:25:07","guid":{"rendered":"https:\/\/the7.io\/fashion-blog\/?page_id=347"},"modified":"2024-05-06T15:26:11","modified_gmt":"2024-05-06T15:26:11","slug":"sobre-nos","status":"publish","type":"page","link":"https:\/\/bimarc.pt\/index.php\/sobre-nos\/","title":{"rendered":"Sobre N\u00f3s"},"content":{"rendered":"\t\t<div data-elementor-type=\"wp-page\" data-elementor-id=\"347\" class=\"elementor elementor-347\" data-elementor-post-type=\"page\">\n\t\t\t\t\t\t<section class=\"elementor-section elementor-top-section elementor-element elementor-element-a5bde34 elementor-section-content-middle elementor-section-boxed elementor-section-height-default elementor-section-height-default\" data-id=\"a5bde34\" data-element_type=\"section\">\n\t\t\t\t\t\t<div class=\"elementor-container elementor-column-gap-default\">\n\t\t\t\t\t<div class=\"elementor-column elementor-col-100 elementor-top-column elementor-element elementor-element-c65d197\" data-id=\"c65d197\" data-element_type=\"column\">\n\t\t\t<div class=\"elementor-widget-wrap elementor-element-populated\">\n\t\t\t\t\t\t<div class=\"elementor-element elementor-element-77007db elementor-widget elementor-widget-image\" data-id=\"77007db\" data-element_type=\"widget\" data-widget_type=\"image.default\">\n\t\t\t\t<div class=\"elementor-widget-container\">\n\t\t\t\t\t\t\t\t\t\t\t\t\t<img decoding=\"async\" src=\"https:\/\/bimarc.pt\/wp-content\/uploads\/elementor\/thumbs\/SOBRE-NOS-pusww96i8plx41067bnpqk6di79j2q5zgl3n0frfqo.png\" title=\"SOBRE NOS\" alt=\"SOBRE NOS\" loading=\"lazy\" \/>\t\t\t\t\t\t\t\t\t\t\t\t\t<\/div>\n\t\t\t\t<\/div>\n\t\t\t\t<div class=\"elementor-element elementor-element-0382c0e elementor-widget elementor-widget-spacer\" data-id=\"0382c0e\" data-element_type=\"widget\" data-widget_type=\"spacer.default\">\n\t\t\t\t<div class=\"elementor-widget-container\">\n\t\t\t\t\t<div class=\"elementor-spacer\">\n\t\t\t<div class=\"elementor-spacer-inner\"><\/div>\n\t\t<\/div>\n\t\t\t\t<\/div>\n\t\t\t\t<\/div>\n\t\t\t\t<div class=\"elementor-element elementor-element-47fbeb5 elementor-widget elementor-widget-heading\" data-id=\"47fbeb5\" data-element_type=\"widget\" data-widget_type=\"heading.default\">\n\t\t\t\t<div class=\"elementor-widget-container\">\n\t\t\t<h4 class=\"elementor-heading-title elementor-size-default\">SOBRE N\u00d3S<\/h4>\t\t<\/div>\n\t\t\t\t<\/div>\n\t\t\t\t<div class=\"elementor-element elementor-element-f33f91e elementor-widget-divider--view-line elementor-widget elementor-widget-divider\" data-id=\"f33f91e\" data-element_type=\"widget\" data-widget_type=\"divider.default\">\n\t\t\t\t<div class=\"elementor-widget-container\">\n\t\t\t\t\t<div class=\"elementor-divider\">\n\t\t\t<span class=\"elementor-divider-separator\">\n\t\t\t\t\t\t<\/span>\n\t\t<\/div>\n\t\t\t\t<\/div>\n\t\t\t\t<\/div>\n\t\t\t\t\t<\/div>\n\t\t<\/div>\n\t\t\t\t\t<\/div>\n\t\t<\/section>\n\t\t\t\t<section class=\"elementor-section elementor-top-section elementor-element elementor-element-3124d68 elementor-section-boxed elementor-section-height-default elementor-section-height-default\" data-id=\"3124d68\" data-element_type=\"section\">\n\t\t\t\t\t\t<div class=\"elementor-container elementor-column-gap-wider\">\n\t\t\t\t\t<div class=\"elementor-column elementor-col-50 elementor-top-column elementor-element elementor-element-2656d15\" data-id=\"2656d15\" data-element_type=\"column\">\n\t\t\t<div class=\"elementor-widget-wrap elementor-element-populated\">\n\t\t\t\t\t\t<div class=\"elementor-element elementor-element-07b88b3 elementor-widget elementor-widget-image\" data-id=\"07b88b3\" data-element_type=\"widget\" data-widget_type=\"image.default\">\n\t\t\t\t<div class=\"elementor-widget-container\">\n\t\t\t\t\t\t\t\t\t\t\t\t\t<img fetchpriority=\"high\" decoding=\"async\" width=\"1200\" height=\"700\" src=\"https:\/\/bimarc.pt\/wp-content\/uploads\/2022\/09\/SOBRE-NOS-FOTO-APRESENTACAO.png\" class=\"attachment-1536x1536 size-1536x1536 wp-image-7840\" alt=\"\" srcset=\"https:\/\/bimarc.pt\/wp-content\/uploads\/2022\/09\/SOBRE-NOS-FOTO-APRESENTACAO.png 1200w, https:\/\/bimarc.pt\/wp-content\/uploads\/2022\/09\/SOBRE-NOS-FOTO-APRESENTACAO-1064x621.png 1064w, https:\/\/bimarc.pt\/wp-content\/uploads\/2022\/09\/SOBRE-NOS-FOTO-APRESENTACAO-300x175.png 300w, https:\/\/bimarc.pt\/wp-content\/uploads\/2022\/09\/SOBRE-NOS-FOTO-APRESENTACAO-1024x597.png 1024w, https:\/\/bimarc.pt\/wp-content\/uploads\/2022\/09\/SOBRE-NOS-FOTO-APRESENTACAO-768x448.png 768w\" sizes=\"(max-width: 1200px) 100vw, 1200px\" \/>\t\t\t\t\t\t\t\t\t\t\t\t\t<\/div>\n\t\t\t\t<\/div>\n\t\t\t\t\t<\/div>\n\t\t<\/div>\n\t\t\t\t<div class=\"elementor-column elementor-col-50 elementor-top-column elementor-element elementor-element-df99ffe\" data-id=\"df99ffe\" data-element_type=\"column\">\n\t\t\t<div class=\"elementor-widget-wrap elementor-element-populated\">\n\t\t\t\t\t\t<div class=\"elementor-element elementor-element-7945834 elementor-widget elementor-widget-text-editor\" data-id=\"7945834\" data-element_type=\"widget\" data-widget_type=\"text-editor.default\">\n\t\t\t\t<div class=\"elementor-widget-container\">\n\t\t\t\t\t\t\t<p>A <strong>BIMARC<\/strong> desde sempre se demarcou por criar produtos originais, com o intuito de oferecer sensa\u00e7\u00f5es, bem-estar e satisfa\u00e7\u00e3o \u00e0s pessoas que os adquirem.<\/p><p>Uma empresa que aposta nos jovens, na sua vis\u00e3o e inova\u00e7\u00e3o e que desta forma se tem vindo a adaptar \u00e0s constantes mudan\u00e7as de mercado. A recetividade e a evolu\u00e7\u00e3o, leva a <strong>BIMARC<\/strong> a uma busca incessante pelo desenvolvimento e adapta\u00e7\u00e3o \u00e0s novas tecnologias. Neste contexto de crescimento e conhecimento, identificou-se a necessidade de criar novas marcas com caracter\u00edsticas de produto distintas, com o objetivo de superar as expectativas dos nossos clientes.<\/p><p>Localizada num contexto geogr\u00e1fico favor\u00e1vel, no centro de Portugal, a BIMARC encontra-se inserida num amplo tecido empresarial que complementa e pot\u00eancia a sua oferta de artigos e servi\u00e7os de excel\u00eancia.<\/p>\t\t\t\t\t\t<\/div>\n\t\t\t\t<\/div>\n\t\t\t\t<div class=\"elementor-element elementor-element-aa4b7d1 elementor-widget elementor-widget-text-editor\" data-id=\"aa4b7d1\" data-element_type=\"widget\" data-widget_type=\"text-editor.default\">\n\t\t\t\t<div class=\"elementor-widget-container\">\n\t\t\t\t\t\t\t<p><em>A maior ambi\u00e7\u00e3o da <strong>BIMARC<\/strong> \u00e9 criar produtos que promovam o bem-estar e a satisfa\u00e7\u00e3o dos seus clientes.\u00a0<\/em><\/p>\t\t\t\t\t\t<\/div>\n\t\t\t\t<\/div>\n\t\t\t\t<div class=\"elementor-element elementor-element-274bd8d elementor-widget elementor-widget-text-editor\" data-id=\"274bd8d\" data-element_type=\"widget\" data-widget_type=\"text-editor.default\">\n\t\t\t\t<div class=\"elementor-widget-container\">\n\t\t\t\t\t\t\t<p style=\"text-align: left;\"><strong><em>SEJA BEM-VINDO \u00c0 BIMARC<\/em><\/strong><\/p>\t\t\t\t\t\t<\/div>\n\t\t\t\t<\/div>\n\t\t\t\t\t<\/div>\n\t\t<\/div>\n\t\t\t\t\t<\/div>\n\t\t<\/section>\n\t\t\t\t<section class=\"elementor-section elementor-top-section elementor-element elementor-element-2f043d1 elementor-section-boxed elementor-section-height-default elementor-section-height-default\" data-id=\"2f043d1\" data-element_type=\"section\">\n\t\t\t\t\t\t<div class=\"elementor-container elementor-column-gap-default\">\n\t\t\t\t\t<div class=\"elementor-column elementor-col-33 elementor-top-column elementor-element elementor-element-57b2dde\" data-id=\"57b2dde\" data-element_type=\"column\">\n\t\t\t<div class=\"elementor-widget-wrap elementor-element-populated\">\n\t\t\t\t\t\t<div class=\"elementor-element elementor-element-df9fcae elementor-widget elementor-widget-video\" data-id=\"df9fcae\" data-element_type=\"widget\" data-settings=\"{&quot;youtube_url&quot;:&quot;https:\\\/\\\/www.youtube.com\\\/watch?v=miT-GjZ8IBs&quot;,&quot;video_type&quot;:&quot;youtube&quot;,&quot;controls&quot;:&quot;yes&quot;}\" data-widget_type=\"video.default\">\n\t\t\t\t<div class=\"elementor-widget-container\">\n\t\t\t\t\t<div class=\"elementor-wrapper elementor-open-inline\">\n\t\t\t<div class=\"elementor-video\"><\/div>\t\t<\/div>\n\t\t\t\t<\/div>\n\t\t\t\t<\/div>\n\t\t\t\t<div class=\"elementor-element elementor-element-147995a elementor-widget elementor-widget-heading\" data-id=\"147995a\" data-element_type=\"widget\" data-widget_type=\"heading.default\">\n\t\t\t\t<div class=\"elementor-widget-container\">\n\t\t\t<h5 class=\"elementor-heading-title elementor-size-default\">Participa\u00e7\u00e3o CERANOR<\/h5>\t\t<\/div>\n\t\t\t\t<\/div>\n\t\t\t\t\t<\/div>\n\t\t<\/div>\n\t\t\t\t<div class=\"elementor-column elementor-col-33 elementor-top-column elementor-element elementor-element-e7ee913\" data-id=\"e7ee913\" data-element_type=\"column\">\n\t\t\t<div class=\"elementor-widget-wrap elementor-element-populated\">\n\t\t\t\t\t\t<div class=\"elementor-element elementor-element-57528d0 elementor-widget elementor-widget-video\" data-id=\"57528d0\" data-element_type=\"widget\" data-settings=\"{&quot;youtube_url&quot;:&quot;https:\\\/\\\/youtu.be\\\/eU3FUFapEgA&quot;,&quot;video_type&quot;:&quot;youtube&quot;,&quot;controls&quot;:&quot;yes&quot;}\" data-widget_type=\"video.default\">\n\t\t\t\t<div class=\"elementor-widget-container\">\n\t\t\t\t\t<div class=\"elementor-wrapper elementor-open-inline\">\n\t\t\t<div class=\"elementor-video\"><\/div>\t\t<\/div>\n\t\t\t\t<\/div>\n\t\t\t\t<\/div>\n\t\t\t\t<div class=\"elementor-element elementor-element-2faaba3 elementor-widget elementor-widget-heading\" data-id=\"2faaba3\" data-element_type=\"widget\" data-widget_type=\"heading.default\">\n\t\t\t\t<div class=\"elementor-widget-container\">\n\t\t\t<h5 class=\"elementor-heading-title elementor-size-default\">Participa\u00e7\u00e3o EXPONOR<\/h5>\t\t<\/div>\n\t\t\t\t<\/div>\n\t\t\t\t\t<\/div>\n\t\t<\/div>\n\t\t\t\t<div class=\"elementor-column elementor-col-33 elementor-top-column elementor-element elementor-element-7415298\" data-id=\"7415298\" data-element_type=\"column\">\n\t\t\t<div class=\"elementor-widget-wrap elementor-element-populated\">\n\t\t\t\t\t\t<div class=\"elementor-element elementor-element-e0e4083 elementor-widget elementor-widget-video\" data-id=\"e0e4083\" data-element_type=\"widget\" data-settings=\"{&quot;youtube_url&quot;:&quot;https:\\\/\\\/www.youtube.com\\\/watch?v=-mYr_MMnucM&amp;t=5s&quot;,&quot;video_type&quot;:&quot;youtube&quot;,&quot;controls&quot;:&quot;yes&quot;}\" data-widget_type=\"video.default\">\n\t\t\t\t<div class=\"elementor-widget-container\">\n\t\t\t\t\t<div class=\"elementor-wrapper elementor-open-inline\">\n\t\t\t<div class=\"elementor-video\"><\/div>\t\t<\/div>\n\t\t\t\t<\/div>\n\t\t\t\t<\/div>\n\t\t\t\t<div class=\"elementor-element elementor-element-92e516e elementor-widget elementor-widget-heading\" data-id=\"92e516e\" data-element_type=\"widget\" data-widget_type=\"heading.default\">\n\t\t\t\t<div class=\"elementor-widget-container\">\n\t\t\t<h5 class=\"elementor-heading-title elementor-size-default\">Participa\u00e7\u00e3o IDF<\/h5>\t\t<\/div>\n\t\t\t\t<\/div>\n\t\t\t\t\t<\/div>\n\t\t<\/div>\n\t\t\t\t\t<\/div>\n\t\t<\/section>\n\t\t\t\t<\/div>\n\t\t","protected":false},"excerpt":{"rendered":"<p>SOBRE N\u00d3S A BIMARC desde sempre se demarcou por criar produtos originais, com o intuito de oferecer sensa\u00e7\u00f5es, bem-estar e satisfa\u00e7\u00e3o \u00e0s pessoas que os adquirem. Uma empresa que aposta nos jovens, na sua vis\u00e3o e inova\u00e7\u00e3o e que desta forma se tem vindo a adaptar \u00e0s constantes mudan\u00e7as de mercado. A recetividade e a&hellip;<\/p>\n","protected":false},"author":1,"featured_media":0,"parent":0,"menu_order":0,"comment_status":"closed","ping_status":"closed","template":"","meta":{"footnotes":""},"yoast_head":"<!-- This site is optimized with the Yoast SEO plugin v22.7 - https:\/\/yoast.com\/wordpress\/plugins\/seo\/ -->\n<title>Sobre N\u00f3s - Bimarc<\/title>\n<meta name=\"robots\" content=\"index, follow, max-snippet:-1, max-image-preview:large, max-video-preview:-1\" \/>\n<link rel=\"canonical\" href=\"https:\/\/bimarc.pt\/index.php\/sobre-nos\/\" \/>\n<meta property=\"og:locale\" content=\"pt_PT\" \/>\n<meta property=\"og:type\" content=\"article\" \/>\n<meta property=\"og:title\" content=\"Sobre N\u00f3s - Bimarc\" \/>\n<meta property=\"og:description\" content=\"SOBRE N\u00d3S A BIMARC desde sempre se demarcou por criar produtos originais, com o intuito de oferecer sensa\u00e7\u00f5es, bem-estar e satisfa\u00e7\u00e3o \u00e0s pessoas que os adquirem. Uma empresa que aposta nos jovens, na sua vis\u00e3o e inova\u00e7\u00e3o e que desta forma se tem vindo a adaptar \u00e0s constantes mudan\u00e7as de mercado. A recetividade e a&hellip;\" \/>\n<meta property=\"og:url\" content=\"https:\/\/bimarc.pt\/index.php\/sobre-nos\/\" \/>\n<meta property=\"og:site_name\" content=\"Bimarc\" \/>\n<meta property=\"article:modified_time\" content=\"2024-05-06T15:26:11+00:00\" \/>\n<meta property=\"og:image\" content=\"https:\/\/bimarc.pt\/wp-content\/uploads\/elementor\/thumbs\/SOBRE-NOS-pusww96i8plx41067bnpqk6di79j2q5zgl3n0frfqo.png\" \/>\n<meta name=\"twitter:card\" content=\"summary_large_image\" \/>\n<meta name=\"twitter:label1\" content=\"Tempo estimado de leitura\" \/>\n\t<meta name=\"twitter:data1\" content=\"2 minutos\" \/>\n<script type=\"application\/ld+json\" class=\"yoast-schema-graph\">{\"@context\":\"https:\/\/schema.org\",\"@graph\":[{\"@type\":\"WebPage\",\"@id\":\"https:\/\/bimarc.pt\/index.php\/sobre-nos\/\",\"url\":\"https:\/\/bimarc.pt\/index.php\/sobre-nos\/\",\"name\":\"Sobre N\u00f3s - Bimarc\",\"isPartOf\":{\"@id\":\"https:\/\/bimarc.pt\/#website\"},\"primaryImageOfPage\":{\"@id\":\"https:\/\/bimarc.pt\/index.php\/sobre-nos\/#primaryimage\"},\"image\":{\"@id\":\"https:\/\/bimarc.pt\/index.php\/sobre-nos\/#primaryimage\"},\"thumbnailUrl\":\"https:\/\/bimarc.pt\/wp-content\/uploads\/elementor\/thumbs\/SOBRE-NOS-pusww96i8plx41067bnpqk6di79j2q5zgl3n0frfqo.png\",\"datePublished\":\"2019-12-12T09:25:07+00:00\",\"dateModified\":\"2024-05-06T15:26:11+00:00\",\"breadcrumb\":{\"@id\":\"https:\/\/bimarc.pt\/index.php\/sobre-nos\/#breadcrumb\"},\"inLanguage\":\"pt-PT\",\"potentialAction\":[{\"@type\":\"ReadAction\",\"target\":[\"https:\/\/bimarc.pt\/index.php\/sobre-nos\/\"]}]},{\"@type\":\"ImageObject\",\"inLanguage\":\"pt-PT\",\"@id\":\"https:\/\/bimarc.pt\/index.php\/sobre-nos\/#primaryimage\",\"url\":\"https:\/\/bimarc.pt\/wp-content\/uploads\/elementor\/thumbs\/SOBRE-NOS-pusww96i8plx41067bnpqk6di79j2q5zgl3n0frfqo.png\",\"contentUrl\":\"https:\/\/bimarc.pt\/wp-content\/uploads\/elementor\/thumbs\/SOBRE-NOS-pusww96i8plx41067bnpqk6di79j2q5zgl3n0frfqo.png\"},{\"@type\":\"BreadcrumbList\",\"@id\":\"https:\/\/bimarc.pt\/index.php\/sobre-nos\/#breadcrumb\",\"itemListElement\":[{\"@type\":\"ListItem\",\"position\":1,\"name\":\"In\u00edcio\",\"item\":\"https:\/\/bimarc.pt\/\"},{\"@type\":\"ListItem\",\"position\":2,\"name\":\"Sobre N\u00f3s\"}]},{\"@type\":\"WebSite\",\"@id\":\"https:\/\/bimarc.pt\/#website\",\"url\":\"https:\/\/bimarc.pt\/\",\"name\":\"Bimarc\",\"description\":\"DETERMINA\u00c7\u00c3O, CRIATIVIDADE E INOVA\u00c7\u00c3O\",\"publisher\":{\"@id\":\"https:\/\/bimarc.pt\/#organization\"},\"potentialAction\":[{\"@type\":\"SearchAction\",\"target\":{\"@type\":\"EntryPoint\",\"urlTemplate\":\"https:\/\/bimarc.pt\/?s={search_term_string}\"},\"query-input\":\"required name=search_term_string\"}],\"inLanguage\":\"pt-PT\"},{\"@type\":\"Organization\",\"@id\":\"https:\/\/bimarc.pt\/#organization\",\"name\":\"Bimarc\",\"url\":\"https:\/\/bimarc.pt\/\",\"logo\":{\"@type\":\"ImageObject\",\"inLanguage\":\"pt-PT\",\"@id\":\"https:\/\/bimarc.pt\/#\/schema\/logo\/image\/\",\"url\":\"https:\/\/bimarc.pt\/wp-content\/uploads\/2022\/03\/LOGO-BIMARC_CORES-e1648551113682.png\",\"contentUrl\":\"https:\/\/bimarc.pt\/wp-content\/uploads\/2022\/03\/LOGO-BIMARC_CORES-e1648551113682.png\",\"width\":351,\"height\":242,\"caption\":\"Bimarc\"},\"image\":{\"@id\":\"https:\/\/bimarc.pt\/#\/schema\/logo\/image\/\"}}]}<\/script>\n<!-- \/ Yoast SEO plugin. -->","yoast_head_json":{"title":"Sobre N\u00f3s - Bimarc","robots":{"index":"index","follow":"follow","max-snippet":"max-snippet:-1","max-image-preview":"max-image-preview:large","max-video-preview":"max-video-preview:-1"},"canonical":"https:\/\/bimarc.pt\/index.php\/sobre-nos\/","og_locale":"pt_PT","og_type":"article","og_title":"Sobre N\u00f3s - Bimarc","og_description":"SOBRE N\u00d3S A BIMARC desde sempre se demarcou por criar produtos originais, com o intuito de oferecer sensa\u00e7\u00f5es, bem-estar e satisfa\u00e7\u00e3o \u00e0s pessoas que os adquirem. Uma empresa que aposta nos jovens, na sua vis\u00e3o e inova\u00e7\u00e3o e que desta forma se tem vindo a adaptar \u00e0s constantes mudan\u00e7as de mercado. A recetividade e a&hellip;","og_url":"https:\/\/bimarc.pt\/index.php\/sobre-nos\/","og_site_name":"Bimarc","article_modified_time":"2024-05-06T15:26:11+00:00","og_image":[{"url":"https:\/\/bimarc.pt\/wp-content\/uploads\/elementor\/thumbs\/SOBRE-NOS-pusww96i8plx41067bnpqk6di79j2q5zgl3n0frfqo.png"}],"twitter_card":"summary_large_image","twitter_misc":{"Tempo estimado de leitura":"2 minutos"},"schema":{"@context":"https:\/\/schema.org","@graph":[{"@type":"WebPage","@id":"https:\/\/bimarc.pt\/index.php\/sobre-nos\/","url":"https:\/\/bimarc.pt\/index.php\/sobre-nos\/","name":"Sobre N\u00f3s - Bimarc","isPartOf":{"@id":"https:\/\/bimarc.pt\/#website"},"primaryImageOfPage":{"@id":"https:\/\/bimarc.pt\/index.php\/sobre-nos\/#primaryimage"},"image":{"@id":"https:\/\/bimarc.pt\/index.php\/sobre-nos\/#primaryimage"},"thumbnailUrl":"https:\/\/bimarc.pt\/wp-content\/uploads\/elementor\/thumbs\/SOBRE-NOS-pusww96i8plx41067bnpqk6di79j2q5zgl3n0frfqo.png","datePublished":"2019-12-12T09:25:07+00:00","dateModified":"2024-05-06T15:26:11+00:00","breadcrumb":{"@id":"https:\/\/bimarc.pt\/index.php\/sobre-nos\/#breadcrumb"},"inLanguage":"pt-PT","potentialAction":[{"@type":"ReadAction","target":["https:\/\/bimarc.pt\/index.php\/sobre-nos\/"]}]},{"@type":"ImageObject","inLanguage":"pt-PT","@id":"https:\/\/bimarc.pt\/index.php\/sobre-nos\/#primaryimage","url":"https:\/\/bimarc.pt\/wp-content\/uploads\/elementor\/thumbs\/SOBRE-NOS-pusww96i8plx41067bnpqk6di79j2q5zgl3n0frfqo.png","contentUrl":"https:\/\/bimarc.pt\/wp-content\/uploads\/elementor\/thumbs\/SOBRE-NOS-pusww96i8plx41067bnpqk6di79j2q5zgl3n0frfqo.png"},{"@type":"BreadcrumbList","@id":"https:\/\/bimarc.pt\/index.php\/sobre-nos\/#breadcrumb","itemListElement":[{"@type":"ListItem","position":1,"name":"In\u00edcio","item":"https:\/\/bimarc.pt\/"},{"@type":"ListItem","position":2,"name":"Sobre N\u00f3s"}]},{"@type":"WebSite","@id":"https:\/\/bimarc.pt\/#website","url":"https:\/\/bimarc.pt\/","name":"Bimarc","description":"DETERMINA\u00c7\u00c3O, CRIATIVIDADE E INOVA\u00c7\u00c3O","publisher":{"@id":"https:\/\/bimarc.pt\/#organization"},"potentialAction":[{"@type":"SearchAction","target":{"@type":"EntryPoint","urlTemplate":"https:\/\/bimarc.pt\/?s={search_term_string}"},"query-input":"required name=search_term_string"}],"inLanguage":"pt-PT"},{"@type":"Organization","@id":"https:\/\/bimarc.pt\/#organization","name":"Bimarc","url":"https:\/\/bimarc.pt\/","logo":{"@type":"ImageObject","inLanguage":"pt-PT","@id":"https:\/\/bimarc.pt\/#\/schema\/logo\/image\/","url":"https:\/\/bimarc.pt\/wp-content\/uploads\/2022\/03\/LOGO-BIMARC_CORES-e1648551113682.png","contentUrl":"https:\/\/bimarc.pt\/wp-content\/uploads\/2022\/03\/LOGO-BIMARC_CORES-e1648551113682.png","width":351,"height":242,"caption":"Bimarc"},"image":{"@id":"https:\/\/bimarc.pt\/#\/schema\/logo\/image\/"}}]}},"_links":{"self":[{"href":"https:\/\/bimarc.pt\/index.php\/wp-json\/wp\/v2\/pages\/347"}],"collection":[{"href":"https:\/\/bimarc.pt\/index.php\/wp-json\/wp\/v2\/pages"}],"about":[{"href":"https:\/\/bimarc.pt\/index.php\/wp-json\/wp\/v2\/types\/page"}],"author":[{"embeddable":true,"href":"https:\/\/bimarc.pt\/index.php\/wp-json\/wp\/v2\/users\/1"}],"replies":[{"embeddable":true,"href":"https:\/\/bimarc.pt\/index.php\/wp-json\/wp\/v2\/comments?post=347"}],"version-history":[{"count":176,"href":"https:\/\/bimarc.pt\/index.php\/wp-json\/wp\/v2\/pages\/347\/revisions"}],"predecessor-version":[{"id":8982,"href":"https:\/\/bimarc.pt\/index.php\/wp-json\/wp\/v2\/pages\/347\/revisions\/8982"}],"wp:attachment":[{"href":"https:\/\/bimarc.pt\/index.php\/wp-json\/wp\/v2\/media?parent=347"}],"curies":[{"name":"wp","href":"https:\/\/api.w.org\/{rel}","templated":true}]}}