{"id":144,"date":"2019-12-06T14:54:49","date_gmt":"2019-12-06T14:54:49","guid":{"rendered":"https:\/\/the7.io\/fashion-blog\/?page_id=144"},"modified":"2024-05-06T15:37:09","modified_gmt":"2024-05-06T15:37:09","slug":"contactos","status":"publish","type":"page","link":"https:\/\/bimarc.pt\/index.php\/contactos\/","title":{"rendered":"Contatos"},"content":{"rendered":"\t\t<div data-elementor-type=\"wp-page\" data-elementor-id=\"144\" class=\"elementor elementor-144\" data-elementor-post-type=\"page\">\n\t\t\t\t\t\t<section class=\"elementor-section elementor-top-section elementor-element elementor-element-d2de3c8 elementor-section-content-middle elementor-section-boxed elementor-section-height-default elementor-section-height-default\" data-id=\"d2de3c8\" data-element_type=\"section\">\n\t\t\t\t\t\t<div class=\"elementor-container elementor-column-gap-default\">\n\t\t\t\t\t<div class=\"elementor-column elementor-col-100 elementor-top-column elementor-element elementor-element-8f23948\" data-id=\"8f23948\" data-element_type=\"column\">\n\t\t\t<div class=\"elementor-widget-wrap elementor-element-populated\">\n\t\t\t\t\t\t<div class=\"elementor-element elementor-element-aef61fb elementor-widget__width-initial elementor-widget elementor-widget-image\" data-id=\"aef61fb\" data-element_type=\"widget\" data-widget_type=\"image.default\">\n\t\t\t\t<div class=\"elementor-widget-container\">\n\t\t\t\t\t\t\t\t\t\t\t\t\t<img fetchpriority=\"high\" decoding=\"async\" width=\"1536\" height=\"862\" src=\"https:\/\/bimarc.pt\/wp-content\/uploads\/2022\/06\/IMG_8666-1536x862.jpg\" class=\"attachment-1536x1536 size-1536x1536 wp-image-6997\" alt=\"\" srcset=\"https:\/\/bimarc.pt\/wp-content\/uploads\/2022\/06\/IMG_8666-1536x862.jpg 1536w, https:\/\/bimarc.pt\/wp-content\/uploads\/2022\/06\/IMG_8666-300x168.jpg 300w, https:\/\/bimarc.pt\/wp-content\/uploads\/2022\/06\/IMG_8666-1024x575.jpg 1024w, https:\/\/bimarc.pt\/wp-content\/uploads\/2022\/06\/IMG_8666-768x431.jpg 768w, https:\/\/bimarc.pt\/wp-content\/uploads\/2022\/06\/IMG_8666-2048x1150.jpg 2048w, https:\/\/bimarc.pt\/wp-content\/uploads\/2022\/06\/IMG_8666-1064x597.jpg 1064w\" sizes=\"(max-width: 1536px) 100vw, 1536px\" \/>\t\t\t\t\t\t\t\t\t\t\t\t\t<\/div>\n\t\t\t\t<\/div>\n\t\t\t\t\t<\/div>\n\t\t<\/div>\n\t\t\t\t\t<\/div>\n\t\t<\/section>\n\t\t\t\t<section class=\"elementor-section elementor-top-section elementor-element elementor-element-4338fa6 elementor-section-boxed elementor-section-height-default elementor-section-height-default\" data-id=\"4338fa6\" data-element_type=\"section\">\n\t\t\t\t\t\t<div class=\"elementor-container elementor-column-gap-wider\">\n\t\t\t\t\t<div class=\"elementor-column elementor-col-50 elementor-top-column elementor-element elementor-element-c697e08\" data-id=\"c697e08\" data-element_type=\"column\">\n\t\t\t<div class=\"elementor-widget-wrap elementor-element-populated\">\n\t\t\t\t\t\t<div class=\"elementor-element elementor-element-2141af8 elementor-widget elementor-widget-heading\" data-id=\"2141af8\" data-element_type=\"widget\" data-widget_type=\"heading.default\">\n\t\t\t\t<div class=\"elementor-widget-container\">\n\t\t\t<h4 class=\"elementor-heading-title elementor-size-default\">CONTATOS<\/h4>\t\t<\/div>\n\t\t\t\t<\/div>\n\t\t\t\t<div class=\"elementor-element elementor-element-a51ecf0 elementor-widget elementor-widget-text-editor\" data-id=\"a51ecf0\" data-element_type=\"widget\" data-widget_type=\"text-editor.default\">\n\t\t\t\t<div class=\"elementor-widget-container\">\n\t\t\t\t\t\t\t<p>Deixe aqui as suas sugest\u00f5es ou esclare\u00e7a as suas d\u00favidas atrav\u00e9s dos contactos apresentados.\u00a0<\/p>\t\t\t\t\t\t<\/div>\n\t\t\t\t<\/div>\n\t\t\t\t<div class=\"elementor-element elementor-element-7d26bb9 elementor-widget elementor-widget-text-editor\" data-id=\"7d26bb9\" data-element_type=\"widget\" data-widget_type=\"text-editor.default\">\n\t\t\t\t<div class=\"elementor-widget-container\">\n\t\t\t\t\t\t\t<h4 class=\"elementor-heading-title elementor-size-default elementor-inline-editing pen\" style=\"margin-bottom: 0px; font-style: normal; font-variant-ligatures: normal; font-variant-caps: normal; font-weight: 300; font-size: 15px; line-height: 1.3em; font-family: Poppins, sans-serif; text-transform: none; letter-spacing: normal; word-spacing: 0px; text-decoration-thickness: initial; text-decoration-style: initial; text-decoration-color: initial;\" data-elementor-setting-key=\"title\" data-pen-placeholder=\"Digite aqui...\">Rua Alfredo G\u00e2ndara N\u00ba1B<br \/>2430-282 Marinha Grande<br \/>Portugal<\/h4><p>\u00a0<\/p><p><span style=\"color: var(--the7-h4-color); font-size: 14px; -webkit-text-stroke-color: #000000;\">+351 244 552 805 [Chamada para rede fixa nacional]<\/span><\/p><p><a href=\"mailto:geral@bimarc.pt\">geral@bimarc.pt<\/a>\u00a0<\/p>\t\t\t\t\t\t<\/div>\n\t\t\t\t<\/div>\n\t\t\t\t\t<\/div>\n\t\t<\/div>\n\t\t\t\t<div class=\"elementor-column elementor-col-50 elementor-top-column elementor-element elementor-element-3f8721f\" data-id=\"3f8721f\" data-element_type=\"column\">\n\t\t\t<div class=\"elementor-widget-wrap elementor-element-populated\">\n\t\t\t\t\t\t<div class=\"elementor-element elementor-element-5d4786f elementor-widget elementor-widget-google_maps\" data-id=\"5d4786f\" data-element_type=\"widget\" data-widget_type=\"google_maps.default\">\n\t\t\t\t<div class=\"elementor-widget-container\">\n\t\t\t\t\t<div class=\"elementor-custom-embed\">\n\t\t\t<iframe loading=\"lazy\"\n\t\t\t\t\tsrc=\"https:\/\/maps.google.com\/maps?q=BIMARC%20marinha&#038;t=m&#038;z=10&#038;output=embed&#038;iwloc=near\"\n\t\t\t\t\ttitle=\"BIMARC marinha\"\n\t\t\t\t\taria-label=\"BIMARC marinha\"\n\t\t\t><\/iframe>\n\t\t<\/div>\n\t\t\t\t<\/div>\n\t\t\t\t<\/div>\n\t\t\t\t\t<\/div>\n\t\t<\/div>\n\t\t\t\t\t<\/div>\n\t\t<\/section>\n\t\t\t\t<section class=\"elementor-section elementor-top-section elementor-element elementor-element-14f7663 elementor-section-full_width elementor-section-height-default elementor-section-height-default\" data-id=\"14f7663\" data-element_type=\"section\">\n\t\t\t\t\t\t<div class=\"elementor-container elementor-column-gap-default\">\n\t\t\t\t\t<div class=\"elementor-column elementor-col-100 elementor-top-column elementor-element elementor-element-6a177c0\" data-id=\"6a177c0\" data-element_type=\"column\">\n\t\t\t<div class=\"elementor-widget-wrap elementor-element-populated\">\n\t\t\t\t\t\t\t<\/div>\n\t\t<\/div>\n\t\t\t\t\t<\/div>\n\t\t<\/section>\n\t\t\t\t<section class=\"elementor-section elementor-top-section elementor-element elementor-element-6e8e840 elementor-section-boxed elementor-section-height-default elementor-section-height-default\" data-id=\"6e8e840\" data-element_type=\"section\">\n\t\t\t\t\t\t<div class=\"elementor-container elementor-column-gap-default\">\n\t\t\t\t\t<div class=\"elementor-column elementor-col-100 elementor-top-column elementor-element elementor-element-d4862b0\" data-id=\"d4862b0\" data-element_type=\"column\">\n\t\t\t<div class=\"elementor-widget-wrap\">\n\t\t\t\t\t\t\t<\/div>\n\t\t<\/div>\n\t\t\t\t\t<\/div>\n\t\t<\/section>\n\t\t\t\t<\/div>\n\t\t","protected":false},"excerpt":{"rendered":"<p>CONTATOS Deixe aqui as suas sugest\u00f5es ou esclare\u00e7a as suas d\u00favidas atrav\u00e9s dos contactos apresentados.\u00a0 Rua Alfredo G\u00e2ndara N\u00ba1B2430-282 Marinha GrandePortugal \u00a0 +351 244 552 805 [Chamada para rede fixa nacional] geral@bimarc.pt\u00a0<\/p>\n","protected":false},"author":1,"featured_media":6719,"parent":0,"menu_order":0,"comment_status":"closed","ping_status":"closed","template":"","meta":{"footnotes":""},"yoast_head":"<!-- This site is optimized with the Yoast SEO plugin v22.7 - https:\/\/yoast.com\/wordpress\/plugins\/seo\/ -->\n<title>Contatos - Bimarc<\/title>\n<meta name=\"robots\" content=\"index, follow, max-snippet:-1, max-image-preview:large, max-video-preview:-1\" \/>\n<link rel=\"canonical\" href=\"https:\/\/bimarc.pt\/index.php\/contactos\/\" \/>\n<meta property=\"og:locale\" content=\"pt_PT\" \/>\n<meta property=\"og:type\" content=\"article\" \/>\n<meta property=\"og:title\" content=\"Contatos - Bimarc\" \/>\n<meta property=\"og:description\" content=\"CONTATOS Deixe aqui as suas sugest\u00f5es ou esclare\u00e7a as suas d\u00favidas atrav\u00e9s dos contactos apresentados.\u00a0 Rua Alfredo G\u00e2ndara N\u00ba1B2430-282 Marinha GrandePortugal \u00a0 +351 244 552 805 [Chamada para rede fixa nacional] geral@bimarc.pt\u00a0\" \/>\n<meta property=\"og:url\" content=\"https:\/\/bimarc.pt\/index.php\/contactos\/\" \/>\n<meta property=\"og:site_name\" content=\"Bimarc\" \/>\n<meta property=\"article:modified_time\" content=\"2024-05-06T15:37:09+00:00\" \/>\n<meta property=\"og:image\" content=\"https:\/\/bimarc.pt\/wp-content\/uploads\/2022\/03\/barra.png\" \/>\n\t<meta property=\"og:image:width\" content=\"1800\" \/>\n\t<meta property=\"og:image:height\" content=\"205\" \/>\n\t<meta property=\"og:image:type\" content=\"image\/png\" \/>\n<meta name=\"twitter:card\" content=\"summary_large_image\" \/>\n<meta name=\"twitter:label1\" content=\"Tempo estimado de leitura\" \/>\n\t<meta name=\"twitter:data1\" content=\"1 minuto\" \/>\n<script type=\"application\/ld+json\" class=\"yoast-schema-graph\">{\"@context\":\"https:\/\/schema.org\",\"@graph\":[{\"@type\":\"WebPage\",\"@id\":\"https:\/\/bimarc.pt\/index.php\/contactos\/\",\"url\":\"https:\/\/bimarc.pt\/index.php\/contactos\/\",\"name\":\"Contatos - Bimarc\",\"isPartOf\":{\"@id\":\"https:\/\/bimarc.pt\/#website\"},\"primaryImageOfPage\":{\"@id\":\"https:\/\/bimarc.pt\/index.php\/contactos\/#primaryimage\"},\"image\":{\"@id\":\"https:\/\/bimarc.pt\/index.php\/contactos\/#primaryimage\"},\"thumbnailUrl\":\"https:\/\/bimarc.pt\/wp-content\/uploads\/2022\/03\/barra.png\",\"datePublished\":\"2019-12-06T14:54:49+00:00\",\"dateModified\":\"2024-05-06T15:37:09+00:00\",\"breadcrumb\":{\"@id\":\"https:\/\/bimarc.pt\/index.php\/contactos\/#breadcrumb\"},\"inLanguage\":\"pt-PT\",\"potentialAction\":[{\"@type\":\"ReadAction\",\"target\":[\"https:\/\/bimarc.pt\/index.php\/contactos\/\"]}]},{\"@type\":\"ImageObject\",\"inLanguage\":\"pt-PT\",\"@id\":\"https:\/\/bimarc.pt\/index.php\/contactos\/#primaryimage\",\"url\":\"https:\/\/bimarc.pt\/wp-content\/uploads\/2022\/03\/barra.png\",\"contentUrl\":\"https:\/\/bimarc.pt\/wp-content\/uploads\/2022\/03\/barra.png\",\"width\":1800,\"height\":205},{\"@type\":\"BreadcrumbList\",\"@id\":\"https:\/\/bimarc.pt\/index.php\/contactos\/#breadcrumb\",\"itemListElement\":[{\"@type\":\"ListItem\",\"position\":1,\"name\":\"In\u00edcio\",\"item\":\"https:\/\/bimarc.pt\/\"},{\"@type\":\"ListItem\",\"position\":2,\"name\":\"Contatos\"}]},{\"@type\":\"WebSite\",\"@id\":\"https:\/\/bimarc.pt\/#website\",\"url\":\"https:\/\/bimarc.pt\/\",\"name\":\"Bimarc\",\"description\":\"DETERMINA\u00c7\u00c3O, CRIATIVIDADE E INOVA\u00c7\u00c3O\",\"publisher\":{\"@id\":\"https:\/\/bimarc.pt\/#organization\"},\"potentialAction\":[{\"@type\":\"SearchAction\",\"target\":{\"@type\":\"EntryPoint\",\"urlTemplate\":\"https:\/\/bimarc.pt\/?s={search_term_string}\"},\"query-input\":\"required name=search_term_string\"}],\"inLanguage\":\"pt-PT\"},{\"@type\":\"Organization\",\"@id\":\"https:\/\/bimarc.pt\/#organization\",\"name\":\"Bimarc\",\"url\":\"https:\/\/bimarc.pt\/\",\"logo\":{\"@type\":\"ImageObject\",\"inLanguage\":\"pt-PT\",\"@id\":\"https:\/\/bimarc.pt\/#\/schema\/logo\/image\/\",\"url\":\"https:\/\/bimarc.pt\/wp-content\/uploads\/2022\/03\/LOGO-BIMARC_CORES-e1648551113682.png\",\"contentUrl\":\"https:\/\/bimarc.pt\/wp-content\/uploads\/2022\/03\/LOGO-BIMARC_CORES-e1648551113682.png\",\"width\":351,\"height\":242,\"caption\":\"Bimarc\"},\"image\":{\"@id\":\"https:\/\/bimarc.pt\/#\/schema\/logo\/image\/\"}}]}<\/script>\n<!-- \/ Yoast SEO plugin. -->","yoast_head_json":{"title":"Contatos - Bimarc","robots":{"index":"index","follow":"follow","max-snippet":"max-snippet:-1","max-image-preview":"max-image-preview:large","max-video-preview":"max-video-preview:-1"},"canonical":"https:\/\/bimarc.pt\/index.php\/contactos\/","og_locale":"pt_PT","og_type":"article","og_title":"Contatos - Bimarc","og_description":"CONTATOS Deixe aqui as suas sugest\u00f5es ou esclare\u00e7a as suas d\u00favidas atrav\u00e9s dos contactos apresentados.\u00a0 Rua Alfredo G\u00e2ndara N\u00ba1B2430-282 Marinha GrandePortugal \u00a0 +351 244 552 805 [Chamada para rede fixa nacional] geral@bimarc.pt\u00a0","og_url":"https:\/\/bimarc.pt\/index.php\/contactos\/","og_site_name":"Bimarc","article_modified_time":"2024-05-06T15:37:09+00:00","og_image":[{"width":1800,"height":205,"url":"https:\/\/bimarc.pt\/wp-content\/uploads\/2022\/03\/barra.png","type":"image\/png"}],"twitter_card":"summary_large_image","twitter_misc":{"Tempo estimado de leitura":"1 minuto"},"schema":{"@context":"https:\/\/schema.org","@graph":[{"@type":"WebPage","@id":"https:\/\/bimarc.pt\/index.php\/contactos\/","url":"https:\/\/bimarc.pt\/index.php\/contactos\/","name":"Contatos - Bimarc","isPartOf":{"@id":"https:\/\/bimarc.pt\/#website"},"primaryImageOfPage":{"@id":"https:\/\/bimarc.pt\/index.php\/contactos\/#primaryimage"},"image":{"@id":"https:\/\/bimarc.pt\/index.php\/contactos\/#primaryimage"},"thumbnailUrl":"https:\/\/bimarc.pt\/wp-content\/uploads\/2022\/03\/barra.png","datePublished":"2019-12-06T14:54:49+00:00","dateModified":"2024-05-06T15:37:09+00:00","breadcrumb":{"@id":"https:\/\/bimarc.pt\/index.php\/contactos\/#breadcrumb"},"inLanguage":"pt-PT","potentialAction":[{"@type":"ReadAction","target":["https:\/\/bimarc.pt\/index.php\/contactos\/"]}]},{"@type":"ImageObject","inLanguage":"pt-PT","@id":"https:\/\/bimarc.pt\/index.php\/contactos\/#primaryimage","url":"https:\/\/bimarc.pt\/wp-content\/uploads\/2022\/03\/barra.png","contentUrl":"https:\/\/bimarc.pt\/wp-content\/uploads\/2022\/03\/barra.png","width":1800,"height":205},{"@type":"BreadcrumbList","@id":"https:\/\/bimarc.pt\/index.php\/contactos\/#breadcrumb","itemListElement":[{"@type":"ListItem","position":1,"name":"In\u00edcio","item":"https:\/\/bimarc.pt\/"},{"@type":"ListItem","position":2,"name":"Contatos"}]},{"@type":"WebSite","@id":"https:\/\/bimarc.pt\/#website","url":"https:\/\/bimarc.pt\/","name":"Bimarc","description":"DETERMINA\u00c7\u00c3O, CRIATIVIDADE E INOVA\u00c7\u00c3O","publisher":{"@id":"https:\/\/bimarc.pt\/#organization"},"potentialAction":[{"@type":"SearchAction","target":{"@type":"EntryPoint","urlTemplate":"https:\/\/bimarc.pt\/?s={search_term_string}"},"query-input":"required name=search_term_string"}],"inLanguage":"pt-PT"},{"@type":"Organization","@id":"https:\/\/bimarc.pt\/#organization","name":"Bimarc","url":"https:\/\/bimarc.pt\/","logo":{"@type":"ImageObject","inLanguage":"pt-PT","@id":"https:\/\/bimarc.pt\/#\/schema\/logo\/image\/","url":"https:\/\/bimarc.pt\/wp-content\/uploads\/2022\/03\/LOGO-BIMARC_CORES-e1648551113682.png","contentUrl":"https:\/\/bimarc.pt\/wp-content\/uploads\/2022\/03\/LOGO-BIMARC_CORES-e1648551113682.png","width":351,"height":242,"caption":"Bimarc"},"image":{"@id":"https:\/\/bimarc.pt\/#\/schema\/logo\/image\/"}}]}},"_links":{"self":[{"href":"https:\/\/bimarc.pt\/index.php\/wp-json\/wp\/v2\/pages\/144"}],"collection":[{"href":"https:\/\/bimarc.pt\/index.php\/wp-json\/wp\/v2\/pages"}],"about":[{"href":"https:\/\/bimarc.pt\/index.php\/wp-json\/wp\/v2\/types\/page"}],"author":[{"embeddable":true,"href":"https:\/\/bimarc.pt\/index.php\/wp-json\/wp\/v2\/users\/1"}],"replies":[{"embeddable":true,"href":"https:\/\/bimarc.pt\/index.php\/wp-json\/wp\/v2\/comments?post=144"}],"version-history":[{"count":188,"href":"https:\/\/bimarc.pt\/index.php\/wp-json\/wp\/v2\/pages\/144\/revisions"}],"predecessor-version":[{"id":8991,"href":"https:\/\/bimarc.pt\/index.php\/wp-json\/wp\/v2\/pages\/144\/revisions\/8991"}],"wp:featuredmedia":[{"embeddable":true,"href":"https:\/\/bimarc.pt\/index.php\/wp-json\/wp\/v2\/media\/6719"}],"wp:attachment":[{"href":"https:\/\/bimarc.pt\/index.php\/wp-json\/wp\/v2\/media?parent=144"}],"curies":[{"name":"wp","href":"https:\/\/api.w.org\/{rel}","templated":true}]}}